{"id":111,"date":"2017-03-28T22:27:41","date_gmt":"2017-03-28T20:27:41","guid":{"rendered":"http:\/\/www.annebarth.org\/?page_id=111"},"modified":"2017-03-28T22:31:15","modified_gmt":"2017-03-28T20:31:15","slug":"oeuvrer-pour-la-paix","status":"publish","type":"page","link":"https:\/\/www.annebarth.org\/index.php\/oeuvrer-pour-la-paix\/","title":{"rendered":"\u0153uvrer pour la paix"},"content":{"rendered":"<h3><span style=\"color: #008080;\">\u0152UVRER POUR LA PAIX<br \/>\n<\/span><\/h3>\n<p>https:\/\/vimeo.com\/74460636<\/p>\n<p><strong>2006 \u2022 30 minutes \u2022 documentaire<\/strong><\/p>\n<p>Le film \u0152uvrer pour la paix pr\u00e9sente le t\u00e9moignage des enfants r\u00e9fugi\u00e9s, traumatis\u00e9s par la guerre.<\/p>\n<p>Ils confient leur vision de la paix, avec l&rsquo;aide de l&rsquo;ATELIER 19 de Granby, Qu\u00e9bec, Canada.<\/p>\n","protected":false},"excerpt":{"rendered":"<p>\u0152UVRER POUR LA PAIX https:\/\/vimeo.com\/74460636 2006 \u2022 30 minutes \u2022 documentaire Le film \u0152uvrer pour la paix pr\u00e9sente le t\u00e9moignage des enfants r\u00e9fugi\u00e9s, traumatis\u00e9s par la guerre. Ils confient leur vision de la paix, avec l&rsquo;aide de l&rsquo;ATELIER 19 de Granby, Qu\u00e9bec, Canada.<\/p>\n","protected":false},"author":1,"featured_media":35,"parent":0,"menu_order":0,"comment_status":"closed","ping_status":"closed","template":"template_parts\/page-fullwidth_template.php","meta":{"footnotes":""},"class_list":["post-111","page","type-page","status-publish","has-post-thumbnail","hentry"],"yoast_head":"<!-- This site is optimized with the Yoast SEO plugin v27.3 - https:\/\/yoast.com\/product\/yoast-seo-wordpress\/ -->\n<title>\u0153uvrer pour la paix, un film de Anne Barth - 2006 - 30 minutes<\/title>\n<meta name=\"description\" content=\"Le film \u0152uvrer pour la paix pr\u00e9sente le t\u00e9moignage des enfants r\u00e9fugi\u00e9s, traumatis\u00e9s par la guerre et qui confient leur vision de la paix.\" \/>\n<meta name=\"robots\" content=\"index, follow, max-snippet:-1, max-image-preview:large, max-video-preview:-1\" \/>\n<link rel=\"canonical\" href=\"https:\/\/www.annebarth.org\/index.php\/oeuvrer-pour-la-paix\/\" \/>\n<meta property=\"og:locale\" content=\"fr_FR\" \/>\n<meta property=\"og:type\" content=\"article\" \/>\n<meta property=\"og:title\" content=\"\u0153uvrer pour la paix, un film de Anne Barth - 2006 - 30 minutes\" \/>\n<meta property=\"og:description\" content=\"Le film \u0152uvrer pour la paix pr\u00e9sente le t\u00e9moignage des enfants r\u00e9fugi\u00e9s, traumatis\u00e9s par la guerre et qui confient leur vision de la paix.\" \/>\n<meta property=\"og:url\" content=\"https:\/\/www.annebarth.org\/index.php\/oeuvrer-pour-la-paix\/\" \/>\n<meta property=\"og:site_name\" content=\"Anne Barth, r\u00e9alisatrice\" \/>\n<meta property=\"article:modified_time\" content=\"2017-03-28T20:31:15+00:00\" \/>\n<meta property=\"og:image\" content=\"https:\/\/www.annebarth.org\/wp-content\/uploads\/2017\/03\/oeuvrer_anne_barth.jpg\" \/>\n\t<meta property=\"og:image:width\" content=\"1024\" \/>\n\t<meta property=\"og:image:height\" content=\"633\" \/>\n\t<meta property=\"og:image:type\" content=\"image\/jpeg\" \/>\n<meta name=\"twitter:card\" content=\"summary_large_image\" \/>\n<script type=\"application\/ld+json\" class=\"yoast-schema-graph\">{\"@context\":\"https:\\\/\\\/schema.org\",\"@graph\":[{\"@type\":\"WebPage\",\"@id\":\"https:\\\/\\\/www.annebarth.org\\\/index.php\\\/oeuvrer-pour-la-paix\\\/\",\"url\":\"https:\\\/\\\/www.annebarth.org\\\/index.php\\\/oeuvrer-pour-la-paix\\\/\",\"name\":\"\u0153uvrer pour la paix, un film de Anne Barth - 2006 - 30 minutes\",\"isPartOf\":{\"@id\":\"https:\\\/\\\/www.annebarth.org\\\/#website\"},\"primaryImageOfPage\":{\"@id\":\"https:\\\/\\\/www.annebarth.org\\\/index.php\\\/oeuvrer-pour-la-paix\\\/#primaryimage\"},\"image\":{\"@id\":\"https:\\\/\\\/www.annebarth.org\\\/index.php\\\/oeuvrer-pour-la-paix\\\/#primaryimage\"},\"thumbnailUrl\":\"https:\\\/\\\/www.annebarth.org\\\/wp-content\\\/uploads\\\/2017\\\/03\\\/oeuvrer_anne_barth.jpg\",\"datePublished\":\"2017-03-28T20:27:41+00:00\",\"dateModified\":\"2017-03-28T20:31:15+00:00\",\"description\":\"Le film \u0152uvrer pour la paix pr\u00e9sente le t\u00e9moignage des enfants r\u00e9fugi\u00e9s, traumatis\u00e9s par la guerre et qui confient leur vision de la paix.\",\"breadcrumb\":{\"@id\":\"https:\\\/\\\/www.annebarth.org\\\/index.php\\\/oeuvrer-pour-la-paix\\\/#breadcrumb\"},\"inLanguage\":\"fr-FR\",\"potentialAction\":[{\"@type\":\"ReadAction\",\"target\":[\"https:\\\/\\\/www.annebarth.org\\\/index.php\\\/oeuvrer-pour-la-paix\\\/\"]}]},{\"@type\":\"ImageObject\",\"inLanguage\":\"fr-FR\",\"@id\":\"https:\\\/\\\/www.annebarth.org\\\/index.php\\\/oeuvrer-pour-la-paix\\\/#primaryimage\",\"url\":\"https:\\\/\\\/www.annebarth.org\\\/wp-content\\\/uploads\\\/2017\\\/03\\\/oeuvrer_anne_barth.jpg\",\"contentUrl\":\"https:\\\/\\\/www.annebarth.org\\\/wp-content\\\/uploads\\\/2017\\\/03\\\/oeuvrer_anne_barth.jpg\",\"width\":1024,\"height\":633,\"caption\":\"\u0152uvrer pour la paix - 2005\"},{\"@type\":\"BreadcrumbList\",\"@id\":\"https:\\\/\\\/www.annebarth.org\\\/index.php\\\/oeuvrer-pour-la-paix\\\/#breadcrumb\",\"itemListElement\":[{\"@type\":\"ListItem\",\"position\":1,\"name\":\"Accueil\",\"item\":\"https:\\\/\\\/www.annebarth.org\\\/\"},{\"@type\":\"ListItem\",\"position\":2,\"name\":\"\u0153uvrer pour la paix\"}]},{\"@type\":\"WebSite\",\"@id\":\"https:\\\/\\\/www.annebarth.org\\\/#website\",\"url\":\"https:\\\/\\\/www.annebarth.org\\\/\",\"name\":\"Anne Barth, r\u00e9alisatrice\",\"description\":\"\",\"potentialAction\":[{\"@type\":\"SearchAction\",\"target\":{\"@type\":\"EntryPoint\",\"urlTemplate\":\"https:\\\/\\\/www.annebarth.org\\\/?s={search_term_string}\"},\"query-input\":{\"@type\":\"PropertyValueSpecification\",\"valueRequired\":true,\"valueName\":\"search_term_string\"}}],\"inLanguage\":\"fr-FR\"}]}<\/script>\n<!-- \/ Yoast SEO plugin. -->","yoast_head_json":{"title":"\u0153uvrer pour la paix, un film de Anne Barth - 2006 - 30 minutes","description":"Le film \u0152uvrer pour la paix pr\u00e9sente le t\u00e9moignage des enfants r\u00e9fugi\u00e9s, traumatis\u00e9s par la guerre et qui confient leur vision de la paix.","robots":{"index":"index","follow":"follow","max-snippet":"max-snippet:-1","max-image-preview":"max-image-preview:large","max-video-preview":"max-video-preview:-1"},"canonical":"https:\/\/www.annebarth.org\/index.php\/oeuvrer-pour-la-paix\/","og_locale":"fr_FR","og_type":"article","og_title":"\u0153uvrer pour la paix, un film de Anne Barth - 2006 - 30 minutes","og_description":"Le film \u0152uvrer pour la paix pr\u00e9sente le t\u00e9moignage des enfants r\u00e9fugi\u00e9s, traumatis\u00e9s par la guerre et qui confient leur vision de la paix.","og_url":"https:\/\/www.annebarth.org\/index.php\/oeuvrer-pour-la-paix\/","og_site_name":"Anne Barth, r\u00e9alisatrice","article_modified_time":"2017-03-28T20:31:15+00:00","og_image":[{"width":1024,"height":633,"url":"https:\/\/www.annebarth.org\/wp-content\/uploads\/2017\/03\/oeuvrer_anne_barth.jpg","type":"image\/jpeg"}],"twitter_card":"summary_large_image","schema":{"@context":"https:\/\/schema.org","@graph":[{"@type":"WebPage","@id":"https:\/\/www.annebarth.org\/index.php\/oeuvrer-pour-la-paix\/","url":"https:\/\/www.annebarth.org\/index.php\/oeuvrer-pour-la-paix\/","name":"\u0153uvrer pour la paix, un film de Anne Barth - 2006 - 30 minutes","isPartOf":{"@id":"https:\/\/www.annebarth.org\/#website"},"primaryImageOfPage":{"@id":"https:\/\/www.annebarth.org\/index.php\/oeuvrer-pour-la-paix\/#primaryimage"},"image":{"@id":"https:\/\/www.annebarth.org\/index.php\/oeuvrer-pour-la-paix\/#primaryimage"},"thumbnailUrl":"https:\/\/www.annebarth.org\/wp-content\/uploads\/2017\/03\/oeuvrer_anne_barth.jpg","datePublished":"2017-03-28T20:27:41+00:00","dateModified":"2017-03-28T20:31:15+00:00","description":"Le film \u0152uvrer pour la paix pr\u00e9sente le t\u00e9moignage des enfants r\u00e9fugi\u00e9s, traumatis\u00e9s par la guerre et qui confient leur vision de la paix.","breadcrumb":{"@id":"https:\/\/www.annebarth.org\/index.php\/oeuvrer-pour-la-paix\/#breadcrumb"},"inLanguage":"fr-FR","potentialAction":[{"@type":"ReadAction","target":["https:\/\/www.annebarth.org\/index.php\/oeuvrer-pour-la-paix\/"]}]},{"@type":"ImageObject","inLanguage":"fr-FR","@id":"https:\/\/www.annebarth.org\/index.php\/oeuvrer-pour-la-paix\/#primaryimage","url":"https:\/\/www.annebarth.org\/wp-content\/uploads\/2017\/03\/oeuvrer_anne_barth.jpg","contentUrl":"https:\/\/www.annebarth.org\/wp-content\/uploads\/2017\/03\/oeuvrer_anne_barth.jpg","width":1024,"height":633,"caption":"\u0152uvrer pour la paix - 2005"},{"@type":"BreadcrumbList","@id":"https:\/\/www.annebarth.org\/index.php\/oeuvrer-pour-la-paix\/#breadcrumb","itemListElement":[{"@type":"ListItem","position":1,"name":"Accueil","item":"https:\/\/www.annebarth.org\/"},{"@type":"ListItem","position":2,"name":"\u0153uvrer pour la paix"}]},{"@type":"WebSite","@id":"https:\/\/www.annebarth.org\/#website","url":"https:\/\/www.annebarth.org\/","name":"Anne Barth, r\u00e9alisatrice","description":"","potentialAction":[{"@type":"SearchAction","target":{"@type":"EntryPoint","urlTemplate":"https:\/\/www.annebarth.org\/?s={search_term_string}"},"query-input":{"@type":"PropertyValueSpecification","valueRequired":true,"valueName":"search_term_string"}}],"inLanguage":"fr-FR"}]}},"_links":{"self":[{"href":"https:\/\/www.annebarth.org\/index.php\/wp-json\/wp\/v2\/pages\/111","targetHints":{"allow":["GET"]}}],"collection":[{"href":"https:\/\/www.annebarth.org\/index.php\/wp-json\/wp\/v2\/pages"}],"about":[{"href":"https:\/\/www.annebarth.org\/index.php\/wp-json\/wp\/v2\/types\/page"}],"author":[{"embeddable":true,"href":"https:\/\/www.annebarth.org\/index.php\/wp-json\/wp\/v2\/users\/1"}],"replies":[{"embeddable":true,"href":"https:\/\/www.annebarth.org\/index.php\/wp-json\/wp\/v2\/comments?post=111"}],"version-history":[{"count":1,"href":"https:\/\/www.annebarth.org\/index.php\/wp-json\/wp\/v2\/pages\/111\/revisions"}],"predecessor-version":[{"id":112,"href":"https:\/\/www.annebarth.org\/index.php\/wp-json\/wp\/v2\/pages\/111\/revisions\/112"}],"wp:featuredmedia":[{"embeddable":true,"href":"https:\/\/www.annebarth.org\/index.php\/wp-json\/wp\/v2\/media\/35"}],"wp:attachment":[{"href":"https:\/\/www.annebarth.org\/index.php\/wp-json\/wp\/v2\/media?parent=111"}],"curies":[{"name":"wp","href":"https:\/\/api.w.org\/{rel}","templated":true}]}}