{"id":115,"date":"2017-03-28T22:35:56","date_gmt":"2017-03-28T20:35:56","guid":{"rendered":"http:\/\/www.annebarth.org\/?page_id=115"},"modified":"2017-03-28T22:35:56","modified_gmt":"2017-03-28T20:35:56","slug":"simplement","status":"publish","type":"page","link":"https:\/\/www.annebarth.org\/index.php\/simplement\/","title":{"rendered":"simplement"},"content":{"rendered":"<h3><span style=\"color: #008080;\">SIMPLEMENT<br \/>\n<\/span><\/h3>\n<p><iframe title=\"simplement\" src=\"https:\/\/player.vimeo.com\/video\/74507588?dnt=1&amp;app_id=122963\" width=\"500\" height=\"332\" frameborder=\"0\" allow=\"autoplay; fullscreen; picture-in-picture; clipboard-write; encrypted-media; web-share\" referrerpolicy=\"strict-origin-when-cross-origin\"><\/iframe><\/p>\n<p><strong>2003 \u2022 1 minutes<br \/>\n<\/strong><\/p>\n<p class=\"paragraph_style_3\"><em>Simplement<\/em> est produit par Les Films de L\u2019Autre<\/p>\n<p class=\"paragraph_style_3\">Diffusion \u00e0 la Cin\u00e9math\u00e8que de Montr\u00e9al en septembre 2003.<\/p>\n<p>&nbsp;<\/p>\n","protected":false},"excerpt":{"rendered":"<p>SIMPLEMENT 2003 \u2022 1 minutes Simplement est produit par Les Films de L\u2019Autre Diffusion \u00e0 la Cin\u00e9math\u00e8que de Montr\u00e9al en septembre 2003. &nbsp;<\/p>\n","protected":false},"author":1,"featured_media":38,"parent":0,"menu_order":0,"comment_status":"closed","ping_status":"closed","template":"template_parts\/page-fullwidth_template.php","meta":{"footnotes":""},"class_list":["post-115","page","type-page","status-publish","has-post-thumbnail","hentry"],"yoast_head":"<!-- This site is optimized with the Yoast SEO plugin v27.3 - https:\/\/yoast.com\/product\/yoast-seo-wordpress\/ -->\n<title>simplement, un film de une minute de Anne Barth, r\u00e9alisatrice<\/title>\n<meta name=\"description\" content=\"Simplement est un film de 1 minute, r\u00e9alis\u00e9 par Anne Barth, produit par les films de l&#039;Autre en 2003. Diffusion au Qu\u00e9bec.\" \/>\n<meta name=\"robots\" content=\"index, follow, max-snippet:-1, max-image-preview:large, max-video-preview:-1\" \/>\n<link rel=\"canonical\" href=\"https:\/\/www.annebarth.org\/index.php\/simplement\/\" \/>\n<meta property=\"og:locale\" content=\"fr_FR\" \/>\n<meta property=\"og:type\" content=\"article\" \/>\n<meta property=\"og:title\" content=\"simplement, un film de une minute de Anne Barth, r\u00e9alisatrice\" \/>\n<meta property=\"og:description\" content=\"Simplement est un film de 1 minute, r\u00e9alis\u00e9 par Anne Barth, produit par les films de l&#039;Autre en 2003. Diffusion au Qu\u00e9bec.\" \/>\n<meta property=\"og:url\" content=\"https:\/\/www.annebarth.org\/index.php\/simplement\/\" \/>\n<meta property=\"og:site_name\" content=\"Anne Barth, r\u00e9alisatrice\" \/>\n<meta property=\"og:image\" content=\"https:\/\/www.annebarth.org\/wp-content\/uploads\/2017\/03\/simplement_anne_barth.jpg\" \/>\n\t<meta property=\"og:image:width\" content=\"1084\" \/>\n\t<meta property=\"og:image:height\" content=\"737\" \/>\n\t<meta property=\"og:image:type\" content=\"image\/jpeg\" \/>\n<meta name=\"twitter:card\" content=\"summary_large_image\" \/>\n<script type=\"application\/ld+json\" class=\"yoast-schema-graph\">{\"@context\":\"https:\\\/\\\/schema.org\",\"@graph\":[{\"@type\":\"WebPage\",\"@id\":\"https:\\\/\\\/www.annebarth.org\\\/index.php\\\/simplement\\\/\",\"url\":\"https:\\\/\\\/www.annebarth.org\\\/index.php\\\/simplement\\\/\",\"name\":\"simplement, un film de une minute de Anne Barth, r\u00e9alisatrice\",\"isPartOf\":{\"@id\":\"https:\\\/\\\/www.annebarth.org\\\/#website\"},\"primaryImageOfPage\":{\"@id\":\"https:\\\/\\\/www.annebarth.org\\\/index.php\\\/simplement\\\/#primaryimage\"},\"image\":{\"@id\":\"https:\\\/\\\/www.annebarth.org\\\/index.php\\\/simplement\\\/#primaryimage\"},\"thumbnailUrl\":\"https:\\\/\\\/www.annebarth.org\\\/wp-content\\\/uploads\\\/2017\\\/03\\\/simplement_anne_barth.jpg\",\"datePublished\":\"2017-03-28T20:35:56+00:00\",\"description\":\"Simplement est un film de 1 minute, r\u00e9alis\u00e9 par Anne Barth, produit par les films de l'Autre en 2003. Diffusion au Qu\u00e9bec.\",\"breadcrumb\":{\"@id\":\"https:\\\/\\\/www.annebarth.org\\\/index.php\\\/simplement\\\/#breadcrumb\"},\"inLanguage\":\"fr-FR\",\"potentialAction\":[{\"@type\":\"ReadAction\",\"target\":[\"https:\\\/\\\/www.annebarth.org\\\/index.php\\\/simplement\\\/\"]}]},{\"@type\":\"ImageObject\",\"inLanguage\":\"fr-FR\",\"@id\":\"https:\\\/\\\/www.annebarth.org\\\/index.php\\\/simplement\\\/#primaryimage\",\"url\":\"https:\\\/\\\/www.annebarth.org\\\/wp-content\\\/uploads\\\/2017\\\/03\\\/simplement_anne_barth.jpg\",\"contentUrl\":\"https:\\\/\\\/www.annebarth.org\\\/wp-content\\\/uploads\\\/2017\\\/03\\\/simplement_anne_barth.jpg\",\"width\":1084,\"height\":737,\"caption\":\"Simplement - 2003\"},{\"@type\":\"BreadcrumbList\",\"@id\":\"https:\\\/\\\/www.annebarth.org\\\/index.php\\\/simplement\\\/#breadcrumb\",\"itemListElement\":[{\"@type\":\"ListItem\",\"position\":1,\"name\":\"Accueil\",\"item\":\"https:\\\/\\\/www.annebarth.org\\\/\"},{\"@type\":\"ListItem\",\"position\":2,\"name\":\"simplement\"}]},{\"@type\":\"WebSite\",\"@id\":\"https:\\\/\\\/www.annebarth.org\\\/#website\",\"url\":\"https:\\\/\\\/www.annebarth.org\\\/\",\"name\":\"Anne Barth, r\u00e9alisatrice\",\"description\":\"\",\"potentialAction\":[{\"@type\":\"SearchAction\",\"target\":{\"@type\":\"EntryPoint\",\"urlTemplate\":\"https:\\\/\\\/www.annebarth.org\\\/?s={search_term_string}\"},\"query-input\":{\"@type\":\"PropertyValueSpecification\",\"valueRequired\":true,\"valueName\":\"search_term_string\"}}],\"inLanguage\":\"fr-FR\"}]}<\/script>\n<!-- \/ Yoast SEO plugin. -->","yoast_head_json":{"title":"simplement, un film de une minute de Anne Barth, r\u00e9alisatrice","description":"Simplement est un film de 1 minute, r\u00e9alis\u00e9 par Anne Barth, produit par les films de l'Autre en 2003. Diffusion au Qu\u00e9bec.","robots":{"index":"index","follow":"follow","max-snippet":"max-snippet:-1","max-image-preview":"max-image-preview:large","max-video-preview":"max-video-preview:-1"},"canonical":"https:\/\/www.annebarth.org\/index.php\/simplement\/","og_locale":"fr_FR","og_type":"article","og_title":"simplement, un film de une minute de Anne Barth, r\u00e9alisatrice","og_description":"Simplement est un film de 1 minute, r\u00e9alis\u00e9 par Anne Barth, produit par les films de l'Autre en 2003. Diffusion au Qu\u00e9bec.","og_url":"https:\/\/www.annebarth.org\/index.php\/simplement\/","og_site_name":"Anne Barth, r\u00e9alisatrice","og_image":[{"width":1084,"height":737,"url":"https:\/\/www.annebarth.org\/wp-content\/uploads\/2017\/03\/simplement_anne_barth.jpg","type":"image\/jpeg"}],"twitter_card":"summary_large_image","schema":{"@context":"https:\/\/schema.org","@graph":[{"@type":"WebPage","@id":"https:\/\/www.annebarth.org\/index.php\/simplement\/","url":"https:\/\/www.annebarth.org\/index.php\/simplement\/","name":"simplement, un film de une minute de Anne Barth, r\u00e9alisatrice","isPartOf":{"@id":"https:\/\/www.annebarth.org\/#website"},"primaryImageOfPage":{"@id":"https:\/\/www.annebarth.org\/index.php\/simplement\/#primaryimage"},"image":{"@id":"https:\/\/www.annebarth.org\/index.php\/simplement\/#primaryimage"},"thumbnailUrl":"https:\/\/www.annebarth.org\/wp-content\/uploads\/2017\/03\/simplement_anne_barth.jpg","datePublished":"2017-03-28T20:35:56+00:00","description":"Simplement est un film de 1 minute, r\u00e9alis\u00e9 par Anne Barth, produit par les films de l'Autre en 2003. Diffusion au Qu\u00e9bec.","breadcrumb":{"@id":"https:\/\/www.annebarth.org\/index.php\/simplement\/#breadcrumb"},"inLanguage":"fr-FR","potentialAction":[{"@type":"ReadAction","target":["https:\/\/www.annebarth.org\/index.php\/simplement\/"]}]},{"@type":"ImageObject","inLanguage":"fr-FR","@id":"https:\/\/www.annebarth.org\/index.php\/simplement\/#primaryimage","url":"https:\/\/www.annebarth.org\/wp-content\/uploads\/2017\/03\/simplement_anne_barth.jpg","contentUrl":"https:\/\/www.annebarth.org\/wp-content\/uploads\/2017\/03\/simplement_anne_barth.jpg","width":1084,"height":737,"caption":"Simplement - 2003"},{"@type":"BreadcrumbList","@id":"https:\/\/www.annebarth.org\/index.php\/simplement\/#breadcrumb","itemListElement":[{"@type":"ListItem","position":1,"name":"Accueil","item":"https:\/\/www.annebarth.org\/"},{"@type":"ListItem","position":2,"name":"simplement"}]},{"@type":"WebSite","@id":"https:\/\/www.annebarth.org\/#website","url":"https:\/\/www.annebarth.org\/","name":"Anne Barth, r\u00e9alisatrice","description":"","potentialAction":[{"@type":"SearchAction","target":{"@type":"EntryPoint","urlTemplate":"https:\/\/www.annebarth.org\/?s={search_term_string}"},"query-input":{"@type":"PropertyValueSpecification","valueRequired":true,"valueName":"search_term_string"}}],"inLanguage":"fr-FR"}]}},"_links":{"self":[{"href":"https:\/\/www.annebarth.org\/index.php\/wp-json\/wp\/v2\/pages\/115","targetHints":{"allow":["GET"]}}],"collection":[{"href":"https:\/\/www.annebarth.org\/index.php\/wp-json\/wp\/v2\/pages"}],"about":[{"href":"https:\/\/www.annebarth.org\/index.php\/wp-json\/wp\/v2\/types\/page"}],"author":[{"embeddable":true,"href":"https:\/\/www.annebarth.org\/index.php\/wp-json\/wp\/v2\/users\/1"}],"replies":[{"embeddable":true,"href":"https:\/\/www.annebarth.org\/index.php\/wp-json\/wp\/v2\/comments?post=115"}],"version-history":[{"count":1,"href":"https:\/\/www.annebarth.org\/index.php\/wp-json\/wp\/v2\/pages\/115\/revisions"}],"predecessor-version":[{"id":116,"href":"https:\/\/www.annebarth.org\/index.php\/wp-json\/wp\/v2\/pages\/115\/revisions\/116"}],"wp:featuredmedia":[{"embeddable":true,"href":"https:\/\/www.annebarth.org\/index.php\/wp-json\/wp\/v2\/media\/38"}],"wp:attachment":[{"href":"https:\/\/www.annebarth.org\/index.php\/wp-json\/wp\/v2\/media?parent=115"}],"curies":[{"name":"wp","href":"https:\/\/api.w.org\/{rel}","templated":true}]}}