{"id":29,"date":"2017-03-23T15:51:38","date_gmt":"2017-03-23T14:51:38","guid":{"rendered":"http:\/\/www.annebarth.org\/?page_id=29"},"modified":"2017-03-28T21:36:01","modified_gmt":"2017-03-28T19:36:01","slug":"filmographie","status":"publish","type":"page","link":"https:\/\/www.annebarth.org\/index.php\/filmographie\/","title":{"rendered":"filmographie"},"content":{"rendered":"<h3><span style=\"color: #008080;\">FILMOGRAPHIE ANNE BARTH<\/span><\/h3>\n<p>Retrouvez ici la filmographie de Anne Barth, de 1991 \u00e0 2017.<\/p>\n<p>Pour voir la fiche d&rsquo;un film plus pr\u00e9cis\u00e9ment, vous pouvez cliquer sur l&rsquo;image du film.<\/p>\n<p>Vous pourrez retrouver aussi chaque film de m\u00eame directement \u00e0 partir du menu.<\/p>\n<p>&nbsp;<\/p>\n<p>&nbsp;<\/p>\n<p>&nbsp;<\/p>\n","protected":false},"excerpt":{"rendered":"<p>FILMOGRAPHIE ANNE BARTH Retrouvez ici la filmographie de Anne Barth, de 1991 \u00e0 2017. Pour voir la fiche d&rsquo;un film plus pr\u00e9cis\u00e9ment, vous pouvez cliquer sur l&rsquo;image du film. Vous pourrez retrouver aussi chaque film de m\u00eame directement \u00e0 partir du menu. &nbsp; &nbsp; &nbsp;<\/p>\n","protected":false},"author":1,"featured_media":39,"parent":0,"menu_order":0,"comment_status":"closed","ping_status":"closed","template":"","meta":[],"_links":{"self":[{"href":"https:\/\/www.annebarth.org\/index.php\/wp-json\/wp\/v2\/pages\/29"}],"collection":[{"href":"https:\/\/www.annebarth.org\/index.php\/wp-json\/wp\/v2\/pages"}],"about":[{"href":"https:\/\/www.annebarth.org\/index.php\/wp-json\/wp\/v2\/types\/page"}],"author":[{"embeddable":true,"href":"https:\/\/www.annebarth.org\/index.php\/wp-json\/wp\/v2\/users\/1"}],"replies":[{"embeddable":true,"href":"https:\/\/www.annebarth.org\/index.php\/wp-json\/wp\/v2\/comments?post=29"}],"version-history":[{"count":4,"href":"https:\/\/www.annebarth.org\/index.php\/wp-json\/wp\/v2\/pages\/29\/revisions"}],"predecessor-version":[{"id":94,"href":"https:\/\/www.annebarth.org\/index.php\/wp-json\/wp\/v2\/pages\/29\/revisions\/94"}],"wp:featuredmedia":[{"embeddable":true,"href":"https:\/\/www.annebarth.org\/index.php\/wp-json\/wp\/v2\/media\/39"}],"wp:attachment":[{"href":"https:\/\/www.annebarth.org\/index.php\/wp-json\/wp\/v2\/media?parent=29"}],"curies":[{"name":"wp","href":"https:\/\/api.w.org\/{rel}","templated":true}]}}