{"id":41,"date":"2017-03-23T16:03:23","date_gmt":"2017-03-23T15:03:23","guid":{"rendered":"http:\/\/www.annebarth.org\/?page_id=41"},"modified":"2019-08-19T12:33:34","modified_gmt":"2019-08-19T10:33:34","slug":"enfance","status":"publish","type":"page","link":"https:\/\/www.annebarth.org\/index.php\/enfance\/","title":{"rendered":"l&rsquo;arbre de l&rsquo;enfance"},"content":{"rendered":"\t\t<div data-elementor-type=\"wp-post\" data-elementor-id=\"41\" class=\"elementor elementor-41\">\n\t\t\t\t\t\t<section class=\"elementor-section elementor-top-section elementor-element elementor-element-312cac06 elementor-section-boxed elementor-section-height-default elementor-section-height-default\" data-id=\"312cac06\" data-element_type=\"section\" data-e-type=\"section\">\n\t\t\t\t\t\t<div class=\"elementor-container elementor-column-gap-default\">\n\t\t\t\t\t<div class=\"elementor-column elementor-col-100 elementor-top-column elementor-element elementor-element-a8070da\" data-id=\"a8070da\" data-element_type=\"column\" data-e-type=\"column\">\n\t\t\t<div class=\"elementor-widget-wrap elementor-element-populated\">\n\t\t\t\t\t\t<div class=\"elementor-element elementor-element-53a2a502 elementor-widget elementor-widget-text-editor\" data-id=\"53a2a502\" data-element_type=\"widget\" data-e-type=\"widget\" data-widget_type=\"text-editor.default\">\n\t\t\t\t<div class=\"elementor-widget-container\">\n\t\t\t\t\t\t\t\t\t<h3><span style=\"color: #008080;\">L&rsquo;ARBRE DE L&rsquo;ENFANCE<\/span><\/h3><p><iframe title=\"l&#039;arbre de l&#039;enfance, un film de Anne Barth, musique Charles Van Goidtsenhoven\" src=\"https:\/\/player.vimeo.com\/video\/183121779?dnt=1&amp;app_id=122963\" width=\"500\" height=\"281\" frameborder=\"0\" allow=\"autoplay; fullscreen; picture-in-picture; clipboard-write; encrypted-media; web-share\" referrerpolicy=\"strict-origin-when-cross-origin\"><\/iframe><\/p><p><span style=\"color: #000000;\"><strong>2017 \u2022 78 minutes \u2022 long m\u00e9trage documentaire \u2022 1er Prix Terra Festival<br \/><\/strong><\/span><\/p><p><em><span style=\"color: #000000;\">Port\u00e9 par les t\u00e9moignages de Juliette, film\u00e9e de ses 10 \u00e0 17 ans, de B\u00e9atrice et de Daniel, le film interroge les cons\u00e9quences de l\u2019\u00e9ducation re\u00e7ue dans l\u2019enfance sur la qualit\u00e9 des relations que nous aurons adulte. Avec la participation de Catherine Gueguen, il est un appel vibrant au soin \u00e0 accorder aux premi\u00e8res ann\u00e9es de la vie. Le film est une invitation \u00e0 repenser la relation \u00e0 soi, aux autres et \u00e0 la Nature.<\/span><\/em><\/p><p><span style=\"color: #000000;\">Le film est pr\u00e9sent\u00e9 plus longuement sur un site qui lui est pleinement d\u00e9di\u00e9 : <a style=\"color: #000000;\" href=\"http:\/\/www.larbredelenfance.com\" target=\"_blank\" rel=\"noopener noreferrer\">www.larbredelenfance.com<\/a><\/span><\/p>\t\t\t\t\t\t\t\t<\/div>\n\t\t\t\t<\/div>\n\t\t\t\t\t<\/div>\n\t\t<\/div>\n\t\t\t\t\t<\/div>\n\t\t<\/section>\n\t\t\t\t<\/div>\n\t\t","protected":false},"excerpt":{"rendered":"<p>L&rsquo;ARBRE DE L&rsquo;ENFANCE 2017 \u2022 78 minutes \u2022 long m\u00e9trage documentaire \u2022 1er Prix Terra Festival Port\u00e9 par les t\u00e9moignages de Juliette, film\u00e9e de ses 10 \u00e0 17 ans, de B\u00e9atrice et de Daniel, le film interroge les cons\u00e9quences de l\u2019\u00e9ducation re\u00e7ue dans l\u2019enfance sur la qualit\u00e9 des relations que nous aurons adulte. Avec la<br \/><a class=\"moretag\" href=\"https:\/\/www.annebarth.org\/index.php\/enfance\/\">+ Read More<\/a><\/p>\n","protected":false},"author":1,"featured_media":32,"parent":0,"menu_order":0,"comment_status":"closed","ping_status":"closed","template":"template_parts\/page-fullwidth_template.php","meta":{"footnotes":""},"class_list":["post-41","page","type-page","status-publish","has-post-thumbnail","hentry"],"yoast_head":"<!-- This site is optimized with the Yoast SEO plugin v27.3 - https:\/\/yoast.com\/product\/yoast-seo-wordpress\/ -->\n<title>l&#039;arbre de l&#039;enfance, un documentaire de Anne Barth<\/title>\n<meta name=\"description\" content=\"Ce documentaire long m\u00e9trage est une invitation \u00e0 une autre pr\u00e9sence \u00e0 l\u2019enfance. Entre confidences de trois personnages et sciences. Enfance...\" \/>\n<meta name=\"robots\" content=\"index, follow, max-snippet:-1, max-image-preview:large, max-video-preview:-1\" \/>\n<link rel=\"canonical\" href=\"https:\/\/www.annebarth.org\/index.php\/enfance\/\" \/>\n<meta property=\"og:locale\" content=\"fr_FR\" \/>\n<meta property=\"og:type\" content=\"article\" \/>\n<meta property=\"og:title\" content=\"l&#039;arbre de l&#039;enfance, un documentaire de Anne Barth\" \/>\n<meta property=\"og:description\" content=\"Ce documentaire long m\u00e9trage est une invitation \u00e0 une autre pr\u00e9sence \u00e0 l\u2019enfance. Entre confidences de trois personnages et sciences. Enfance...\" \/>\n<meta property=\"og:url\" content=\"https:\/\/www.annebarth.org\/index.php\/enfance\/\" \/>\n<meta property=\"og:site_name\" content=\"Anne Barth, r\u00e9alisatrice\" \/>\n<meta property=\"article:modified_time\" content=\"2019-08-19T10:33:34+00:00\" \/>\n<meta property=\"og:image\" content=\"https:\/\/www.annebarth.org\/wp-content\/uploads\/2017\/03\/larbre_de_lenfance_anne_barth-1024x576.jpg\" \/>\n\t<meta property=\"og:image:width\" content=\"1024\" \/>\n\t<meta property=\"og:image:height\" content=\"576\" \/>\n\t<meta property=\"og:image:type\" content=\"image\/jpeg\" \/>\n<meta name=\"twitter:card\" content=\"summary_large_image\" \/>\n<meta name=\"twitter:label1\" content=\"Dur\u00e9e de lecture estim\u00e9e\" \/>\n\t<meta name=\"twitter:data1\" content=\"1 minute\" \/>\n<script type=\"application\/ld+json\" class=\"yoast-schema-graph\">{\"@context\":\"https:\\\/\\\/schema.org\",\"@graph\":[{\"@type\":\"WebPage\",\"@id\":\"https:\\\/\\\/www.annebarth.org\\\/index.php\\\/enfance\\\/\",\"url\":\"https:\\\/\\\/www.annebarth.org\\\/index.php\\\/enfance\\\/\",\"name\":\"l'arbre de l'enfance, un documentaire de Anne Barth\",\"isPartOf\":{\"@id\":\"https:\\\/\\\/www.annebarth.org\\\/#website\"},\"primaryImageOfPage\":{\"@id\":\"https:\\\/\\\/www.annebarth.org\\\/index.php\\\/enfance\\\/#primaryimage\"},\"image\":{\"@id\":\"https:\\\/\\\/www.annebarth.org\\\/index.php\\\/enfance\\\/#primaryimage\"},\"thumbnailUrl\":\"https:\\\/\\\/www.annebarth.org\\\/wp-content\\\/uploads\\\/2017\\\/03\\\/larbre_de_lenfance_anne_barth.jpg\",\"datePublished\":\"2017-03-23T15:03:23+00:00\",\"dateModified\":\"2019-08-19T10:33:34+00:00\",\"description\":\"Ce documentaire long m\u00e9trage est une invitation \u00e0 une autre pr\u00e9sence \u00e0 l\u2019enfance. Entre confidences de trois personnages et sciences. Enfance...\",\"breadcrumb\":{\"@id\":\"https:\\\/\\\/www.annebarth.org\\\/index.php\\\/enfance\\\/#breadcrumb\"},\"inLanguage\":\"fr-FR\",\"potentialAction\":[{\"@type\":\"ReadAction\",\"target\":[\"https:\\\/\\\/www.annebarth.org\\\/index.php\\\/enfance\\\/\"]}]},{\"@type\":\"ImageObject\",\"inLanguage\":\"fr-FR\",\"@id\":\"https:\\\/\\\/www.annebarth.org\\\/index.php\\\/enfance\\\/#primaryimage\",\"url\":\"https:\\\/\\\/www.annebarth.org\\\/wp-content\\\/uploads\\\/2017\\\/03\\\/larbre_de_lenfance_anne_barth.jpg\",\"contentUrl\":\"https:\\\/\\\/www.annebarth.org\\\/wp-content\\\/uploads\\\/2017\\\/03\\\/larbre_de_lenfance_anne_barth.jpg\",\"width\":1920,\"height\":1080,\"caption\":\"L'arbre de l'enfance - 2017\"},{\"@type\":\"BreadcrumbList\",\"@id\":\"https:\\\/\\\/www.annebarth.org\\\/index.php\\\/enfance\\\/#breadcrumb\",\"itemListElement\":[{\"@type\":\"ListItem\",\"position\":1,\"name\":\"Accueil\",\"item\":\"https:\\\/\\\/www.annebarth.org\\\/\"},{\"@type\":\"ListItem\",\"position\":2,\"name\":\"l&rsquo;arbre de l&rsquo;enfance\"}]},{\"@type\":\"WebSite\",\"@id\":\"https:\\\/\\\/www.annebarth.org\\\/#website\",\"url\":\"https:\\\/\\\/www.annebarth.org\\\/\",\"name\":\"Anne Barth, r\u00e9alisatrice\",\"description\":\"\",\"potentialAction\":[{\"@type\":\"SearchAction\",\"target\":{\"@type\":\"EntryPoint\",\"urlTemplate\":\"https:\\\/\\\/www.annebarth.org\\\/?s={search_term_string}\"},\"query-input\":{\"@type\":\"PropertyValueSpecification\",\"valueRequired\":true,\"valueName\":\"search_term_string\"}}],\"inLanguage\":\"fr-FR\"}]}<\/script>\n<!-- \/ Yoast SEO plugin. -->","yoast_head_json":{"title":"l'arbre de l'enfance, un documentaire de Anne Barth","description":"Ce documentaire long m\u00e9trage est une invitation \u00e0 une autre pr\u00e9sence \u00e0 l\u2019enfance. Entre confidences de trois personnages et sciences. Enfance...","robots":{"index":"index","follow":"follow","max-snippet":"max-snippet:-1","max-image-preview":"max-image-preview:large","max-video-preview":"max-video-preview:-1"},"canonical":"https:\/\/www.annebarth.org\/index.php\/enfance\/","og_locale":"fr_FR","og_type":"article","og_title":"l'arbre de l'enfance, un documentaire de Anne Barth","og_description":"Ce documentaire long m\u00e9trage est une invitation \u00e0 une autre pr\u00e9sence \u00e0 l\u2019enfance. Entre confidences de trois personnages et sciences. Enfance...","og_url":"https:\/\/www.annebarth.org\/index.php\/enfance\/","og_site_name":"Anne Barth, r\u00e9alisatrice","article_modified_time":"2019-08-19T10:33:34+00:00","og_image":[{"width":1024,"height":576,"url":"https:\/\/www.annebarth.org\/wp-content\/uploads\/2017\/03\/larbre_de_lenfance_anne_barth-1024x576.jpg","type":"image\/jpeg"}],"twitter_card":"summary_large_image","twitter_misc":{"Dur\u00e9e de lecture estim\u00e9e":"1 minute"},"schema":{"@context":"https:\/\/schema.org","@graph":[{"@type":"WebPage","@id":"https:\/\/www.annebarth.org\/index.php\/enfance\/","url":"https:\/\/www.annebarth.org\/index.php\/enfance\/","name":"l'arbre de l'enfance, un documentaire de Anne Barth","isPartOf":{"@id":"https:\/\/www.annebarth.org\/#website"},"primaryImageOfPage":{"@id":"https:\/\/www.annebarth.org\/index.php\/enfance\/#primaryimage"},"image":{"@id":"https:\/\/www.annebarth.org\/index.php\/enfance\/#primaryimage"},"thumbnailUrl":"https:\/\/www.annebarth.org\/wp-content\/uploads\/2017\/03\/larbre_de_lenfance_anne_barth.jpg","datePublished":"2017-03-23T15:03:23+00:00","dateModified":"2019-08-19T10:33:34+00:00","description":"Ce documentaire long m\u00e9trage est une invitation \u00e0 une autre pr\u00e9sence \u00e0 l\u2019enfance. Entre confidences de trois personnages et sciences. Enfance...","breadcrumb":{"@id":"https:\/\/www.annebarth.org\/index.php\/enfance\/#breadcrumb"},"inLanguage":"fr-FR","potentialAction":[{"@type":"ReadAction","target":["https:\/\/www.annebarth.org\/index.php\/enfance\/"]}]},{"@type":"ImageObject","inLanguage":"fr-FR","@id":"https:\/\/www.annebarth.org\/index.php\/enfance\/#primaryimage","url":"https:\/\/www.annebarth.org\/wp-content\/uploads\/2017\/03\/larbre_de_lenfance_anne_barth.jpg","contentUrl":"https:\/\/www.annebarth.org\/wp-content\/uploads\/2017\/03\/larbre_de_lenfance_anne_barth.jpg","width":1920,"height":1080,"caption":"L'arbre de l'enfance - 2017"},{"@type":"BreadcrumbList","@id":"https:\/\/www.annebarth.org\/index.php\/enfance\/#breadcrumb","itemListElement":[{"@type":"ListItem","position":1,"name":"Accueil","item":"https:\/\/www.annebarth.org\/"},{"@type":"ListItem","position":2,"name":"l&rsquo;arbre de l&rsquo;enfance"}]},{"@type":"WebSite","@id":"https:\/\/www.annebarth.org\/#website","url":"https:\/\/www.annebarth.org\/","name":"Anne Barth, r\u00e9alisatrice","description":"","potentialAction":[{"@type":"SearchAction","target":{"@type":"EntryPoint","urlTemplate":"https:\/\/www.annebarth.org\/?s={search_term_string}"},"query-input":{"@type":"PropertyValueSpecification","valueRequired":true,"valueName":"search_term_string"}}],"inLanguage":"fr-FR"}]}},"_links":{"self":[{"href":"https:\/\/www.annebarth.org\/index.php\/wp-json\/wp\/v2\/pages\/41","targetHints":{"allow":["GET"]}}],"collection":[{"href":"https:\/\/www.annebarth.org\/index.php\/wp-json\/wp\/v2\/pages"}],"about":[{"href":"https:\/\/www.annebarth.org\/index.php\/wp-json\/wp\/v2\/types\/page"}],"author":[{"embeddable":true,"href":"https:\/\/www.annebarth.org\/index.php\/wp-json\/wp\/v2\/users\/1"}],"replies":[{"embeddable":true,"href":"https:\/\/www.annebarth.org\/index.php\/wp-json\/wp\/v2\/comments?post=41"}],"version-history":[{"count":6,"href":"https:\/\/www.annebarth.org\/index.php\/wp-json\/wp\/v2\/pages\/41\/revisions"}],"predecessor-version":[{"id":155,"href":"https:\/\/www.annebarth.org\/index.php\/wp-json\/wp\/v2\/pages\/41\/revisions\/155"}],"wp:featuredmedia":[{"embeddable":true,"href":"https:\/\/www.annebarth.org\/index.php\/wp-json\/wp\/v2\/media\/32"}],"wp:attachment":[{"href":"https:\/\/www.annebarth.org\/index.php\/wp-json\/wp\/v2\/media?parent=41"}],"curies":[{"name":"wp","href":"https:\/\/api.w.org\/{rel}","templated":true}]}}